{"id":227,"date":"2020-01-23T15:07:28","date_gmt":"2020-01-23T15:07:28","guid":{"rendered":"http:\/\/www.csu-langenbach.de\/?page_id=227"},"modified":"2025-12-01T15:58:17","modified_gmt":"2025-12-01T14:58:17","slug":"impressum","status":"publish","type":"page","link":"https:\/\/www.csu-langenbach.de\/?page_id=227","title":{"rendered":"Impressum"},"content":{"rendered":"\n<h1>Impressum<\/h1>\n\n<h2>Angaben gem\u00e4\u00df \u00a7 5 TMG<\/h2>\n<p>CSU Ortsverband Langenbach e.V.<br>\nPfannenstielstra\u00dfe 27<br>\n85416 Langenbach<\/p>\n\n<p><strong>Vertreten durch:<\/strong><br>\nChristine Stein<br>\nPfannenstielstra\u00dfe 27<br>\n85416 Langenbach<\/p>\n\n<h2>Kontakt<\/h2>\n<p>Telefon: 08761 \/ 9686<br>\nE-Mail: stein-langenbach@t-online.de<\/p>\n\n<h2>Verbraucher\u00adstreit\u00adbeilegung\/Universal\u00adschlichtungs\u00adstelle<\/h2><p>Wir sind nicht bereit oder verpflichtet, an Streitbeilegungsverfahren vor einer Verbraucherschlichtungsstelle teilzunehmen.<\/p>\n\n\n\n<div style=\"height:100px\" aria-hidden=\"true\" class=\"wp-block-spacer\"><\/div>\n\n\n\n<h4 class=\"wp-block-heading\">Hinweise zum Datenschutz<\/h4>\n\n\n\n<h5 class=\"wp-block-heading\">Urheberrechte<\/h5>\n\n\n\n<p>Copyright\n CSU. Alle Rechte vorbehalten. Text, Bilder, Grafiken, Sound, \nAnimationen und Videos sowie deren Anordnung auf der CSU Website \nunterliegen dem Schutz des Urheberrechts und anderer Schutzgesetze.<\/p>\n\n\n\n<p>Der\n Inhalt dieser Website darf nicht zu kommerziellen Zwecken kopiert, \nverbreitet, ver\u00e4ndert oder Dritten zug\u00e4nglich gemacht werden. Wir weisen\n daraufhin, dass auf den Websites enthaltene Bilder teilweise dem \nUrheberrecht Dritter unterliegen.<\/p>\n\n\n\n<h5 class=\"wp-block-heading\">Markenzeichen<\/h5>\n\n\n\n<p>Soweit \nnicht anders angegeben, sind alle Markenzeichen auf dieser Website \nmarkenrechtlich zugunsten der CSU gesch\u00fctzt. Dies gilt insbesondere f\u00fcr \nMarken, Typenbezeichnungen, Logos und Embleme.<\/p>\n\n\n\n<h5 class=\"wp-block-heading\">Haftung<\/h5>\n\n\n\n<p>Diese\n Website wurde mit gr\u00f6\u00dftm\u00f6glicher Sorgfalt zusammengestellt. Trotzdem \nkann keine Gew\u00e4hr f\u00fcr die Fehlerfreiheit und Genauigkeit der enthaltenen\n Informationen \u00fcbernommen werden. Jegliche Haftung f\u00fcr Sch\u00e4den, die \ndirekt oder indirekt aus der Benutzung dieser Website entstehen, wird \nausgeschlossen, soweit diese nicht auf Vorsatz oder grober \nFahrl\u00e4ssigkeit beruhen.<\/p>\n\n\n\n<p>Sofern von dieser Website auf \nInternetseiten verwiesen wird, die von Dritten betrieben werden, \n\u00fcbernimmt die CSU keine Verantwortung f\u00fcr deren Inhalte.<\/p>\n\n\n\n<h5 class=\"wp-block-heading\">Lizenz<\/h5>\n\n\n\n<p>Die\n CSU m\u00f6chte sich Ihnen mit einer innovativen und informativen Website \npr\u00e4sentieren. Das darin enthaltene geistige Eigentum wie Patente, Marken\n und Urheberrechte ist gesch\u00fctzt. Durch diese Website wird keine Lizenz \nzur Nutzung des geistigen Eigentums der CSU erteilt, soweit dies nicht \nausdr\u00fccklich so vorgesehen ist.<\/p>\n","protected":false},"excerpt":{"rendered":"<p>Impressum Angaben gem\u00e4\u00df \u00a7 5 TMG CSU Ortsverband Langenbach e.V. Pfannenstielstra\u00dfe 27 85416 Langenbach Vertreten durch: Christine Stein Pfannenstielstra\u00dfe 27 85416 Langenbach Kontakt Telefon: 08761 \/ 9686 E-Mail: stein-langenbach@t-online.de Verbraucher\u00adstreit\u00adbeilegung\/Universal\u00adschlichtungs\u00adstelle Wir sind nicht bereit oder verpflichtet, an Streitbeilegungsverfahren vor einer Verbraucherschlichtungsstelle teilzunehmen. Hinweise zum Datenschutz Urheberrechte Copyright CSU. Alle Rechte vorbehalten. Text, Bilder, Grafiken, Sound, [&hellip;]<\/p>\n","protected":false},"author":1,"featured_media":0,"parent":0,"menu_order":0,"comment_status":"closed","ping_status":"closed","template":"","meta":{"_uag_custom_page_level_css":"","footnotes":""},"class_list":["post-227","page","type-page","status-publish","hentry"],"uagb_featured_image_src":{"full":false,"thumbnail":false,"medium":false,"medium_large":false,"large":false,"1536x1536":false,"2048x2048":false,"pl-blogpost-landscape":false,"pl-blogpost-square":false},"uagb_author_info":{"display_name":"admin","author_link":"https:\/\/www.csu-langenbach.de\/?author=1"},"uagb_comment_info":0,"uagb_excerpt":"Impressum Angaben gem\u00e4\u00df \u00a7 5 TMG CSU Ortsverband Langenbach e.V. Pfannenstielstra\u00dfe 27 85416 Langenbach Vertreten durch: Christine Stein Pfannenstielstra\u00dfe 27 85416 Langenbach Kontakt Telefon: 08761 \/ 9686 E-Mail: stein-langenbach@t-online.de Verbraucher\u00adstreit\u00adbeilegung\/Universal\u00adschlichtungs\u00adstelle Wir sind nicht bereit oder verpflichtet, an Streitbeilegungsverfahren vor einer Verbraucherschlichtungsstelle teilzunehmen. Hinweise zum Datenschutz Urheberrechte Copyright CSU. Alle Rechte vorbehalten. Text, Bilder, Grafiken, Sound,&hellip;","_links":{"self":[{"href":"https:\/\/www.csu-langenbach.de\/index.php?rest_route=\/wp\/v2\/pages\/227","targetHints":{"allow":["GET"]}}],"collection":[{"href":"https:\/\/www.csu-langenbach.de\/index.php?rest_route=\/wp\/v2\/pages"}],"about":[{"href":"https:\/\/www.csu-langenbach.de\/index.php?rest_route=\/wp\/v2\/types\/page"}],"author":[{"embeddable":true,"href":"https:\/\/www.csu-langenbach.de\/index.php?rest_route=\/wp\/v2\/users\/1"}],"replies":[{"embeddable":true,"href":"https:\/\/www.csu-langenbach.de\/index.php?rest_route=%2Fwp%2Fv2%2Fcomments&post=227"}],"version-history":[{"count":14,"href":"https:\/\/www.csu-langenbach.de\/index.php?rest_route=\/wp\/v2\/pages\/227\/revisions"}],"predecessor-version":[{"id":1098,"href":"https:\/\/www.csu-langenbach.de\/index.php?rest_route=\/wp\/v2\/pages\/227\/revisions\/1098"}],"wp:attachment":[{"href":"https:\/\/www.csu-langenbach.de\/index.php?rest_route=%2Fwp%2Fv2%2Fmedia&parent=227"}],"curies":[{"name":"wp","href":"https:\/\/api.w.org\/{rel}","templated":true}]}}