{"id":356,"date":"2020-02-05T12:13:24","date_gmt":"2020-02-05T12:13:24","guid":{"rendered":"http:\/\/www.csu-langenbach.de\/?page_id=356"},"modified":"2022-06-09T15:46:09","modified_gmt":"2022-06-09T13:46:09","slug":"elmar-ziegler","status":"publish","type":"page","link":"https:\/\/www.csu-langenbach.de\/?page_id=356","title":{"rendered":"Elmar Ziegler"},"content":{"rendered":"\n<div class=\"wp-block-media-text alignwide is-stacked-on-mobile is-vertically-aligned-top\" style=\"grid-template-columns:25% auto\"><figure class=\"wp-block-media-text__media\"><img loading=\"lazy\" decoding=\"async\" width=\"750\" height=\"750\" src=\"http:\/\/www.csu-langenbach.de\/wp-content\/uploads\/2020\/01\/Elmar-Ziegler_web.jpg\" alt=\"\" class=\"wp-image-161 size-full\" srcset=\"https:\/\/www.csu-langenbach.de\/wp-content\/uploads\/2020\/01\/Elmar-Ziegler_web.jpg 750w, https:\/\/www.csu-langenbach.de\/wp-content\/uploads\/2020\/01\/Elmar-Ziegler_web-300x300.jpg 300w, https:\/\/www.csu-langenbach.de\/wp-content\/uploads\/2020\/01\/Elmar-Ziegler_web-150x150.jpg 150w\" sizes=\"auto, (max-width: 750px) 100vw, 750px\" \/><\/figure><div class=\"wp-block-media-text__content\">\n<h2 class=\"wp-block-heading\">Dr. Elmar Ziegler<\/h2>\n\n\n\n<p>Aktivit\u00e4ten in Zusammenhang mit dem Gemeinderatsmandat:<\/p>\n\n\n\n<h6 class=\"wp-block-heading\">Haushalts- und Finanzpolitik<\/h6>\n\n\n\n<p>Einf\u00fchrung betriebswirtschaftlicher Methodik in den Prozess der \u00f6rtlichen Rechnungspr\u00fcfung als Vorsitzender des Rechnungspr\u00fcfungsausschusses. Daraus resultierte eine Vielzahl von Forderungen und teilweise deren Umsetzung zu Verbesserungen der Verwaltungsprozesse (exemplarisch):<\/p>\n\n\n\n<ul class=\"wp-block-list\"><li>Aufbau und F\u00fchrung der Inventarverzeichnisse\nnach betriebswirtschaftlichen Grunds\u00e4tzen<\/li><li>Einf\u00fchrung eines effektiven Forderungsmanagement\nzum Abbau der hohen Kasseneinnahmereste.<\/li><li>Anpassung des Stellenplanes an die aktuellen\nBed\u00fcrfnisse.<\/li><li>Massnahmen zum Abbau hoher \u00dcberstundenkontingente\nbei den Verwaltungsangestellten.<\/li><li>Einhaltung des Stellenschl\u00fcssels der\nKindertagesst\u00e4tten gem\u00e4\u00df den gesetzlichen Vorgaben.<\/li><li>Einhaltung der Geb\u00fchrenordung entsprechend den\nVorschriften der Gemeindeordnung.<\/li><\/ul>\n\n\n\n<h6 class=\"wp-block-heading\">Kommunale Seniorenpolitik<\/h6>\n\n\n\n<p>Folgende\nMa\u00dfnahmen\/Aktionen wurden initiiert (exemplarisch):<\/p>\n\n\n\n<ul class=\"wp-block-list\"><li>Organisation eines Ortsspazierganges zur Dokumentation von <em>Stolperfallen und Hindernissen f\u00fcr Senioren<\/em> im Ortsbereich, um deren Beseitigung bei laufenden und k\u00fcnftigen Sanierungsmassnahmen besser zu ber\u00fccksichtigen.<\/li><li>Verbesserung der Barrierefreiheit im Rathaus durch die Anschaffung eines mobilen Treppenlifters.<\/li><li>Damit ist die Erreichbarkeit der Amtsr\u00e4ume im ersten Stock f\u00fcr Rollstuhlfahrer und Gebehinderte gew\u00e4hrleistet.<\/li><li>Initiierung und Installation des <em>Senioren-Einkaufs-Service<\/em>, um gebrechlichen und gehbehinderten Senioren bei Eink\u00e4ufen des t\u00e4glichen Bedarfs zu unterst\u00fctzen.<\/li><li>Verbindung zwischen Gemeinderat und dem Arbeitskreis 55Plus\/der Seniorenarbeit des Pfarrverbandes Langenbach-Oberhummel und deren aktive Unterst\u00fctzung<\/li><\/ul>\n\n\n\n<h6 class=\"wp-block-heading\">Als Seniorenreferent\nwurden Vortr\u00e4ge mit seniorenspezifischen Schwerpunkten gehalten:<\/h6>\n\n\n\n<ul class=\"wp-block-list\"><li>Wohnen im Alter<\/li><li>Verbraucherrechte<\/li><li>Gefahren im Haushalt<\/li><li>Computer, Smartphone und Internet<\/li><\/ul>\n\n\n\n<h6 class=\"wp-block-heading\">Vertretung\nder Gemeinde Langenbach im Seniorenbeirat des Landkreises Freising<\/h6>\n\n\n\n<ul class=\"wp-block-list\"><li>2. Vorsitzender des Seniorenbeirats<\/li><li>Mitherausgeber der <em>Notfallmappe des\nLandkreises Freising<\/em><\/li><li>Forderung nach besseren Mobilit\u00e4tskonzepte im\n\u00d6PNV, speziell die Einf\u00fchrung des F\u00fcrstenfeldbrucker Ruftaxikonzepts (Einbindung\nin den MVV \/ 24 Stundenabdeckung)) f\u00fcr den Landkreis Freising.<\/li><\/ul>\n\n\n\n<h6 class=\"wp-block-heading\">\u00dcberbringung\nvon W\u00fcnschen und Anregungen von Gemeindeb\u00fcrgern in den Gemeinderat und\/oder\nVerwaltung:<\/h6>\n\n\n\n<ul class=\"wp-block-list\"><li>Aufstellung zus\u00e4tzlicher Sitzb\u00e4nke bei Spazier-\nund Einkaufwegen (z.B. Bahnschranke, Inkofener Str. Gehweg zum REWE).<\/li><li>Hinweise und Verbesserungsvorschl\u00e4ge zum Zustand\nverschiedener Ortsstra\u00dfen.<\/li><li>Ber\u00fccksichtigung erh\u00f6hter Blendwirkung mit zunehmendem\nAlter bei der Auswahl neuer Stra\u00dfenleuchten (LED-Leuchten).<\/li><li>Hinweise auf besondere Gefahrenstellen in der\nStra\u00dfenf\u00fchrung und Vorschl\u00e4gen zur \u00c4nderung der Vorfahrtsregelung, Geschwindigkeitsbegrenzungen.<\/li><li>U.v.m<\/li><\/ul>\n<\/div><\/div>\n","protected":false},"excerpt":{"rendered":"<p>Dr. Elmar Ziegler Aktivit\u00e4ten in Zusammenhang mit dem Gemeinderatsmandat: Haushalts- und Finanzpolitik Einf\u00fchrung betriebswirtschaftlicher Methodik in den Prozess der \u00f6rtlichen Rechnungspr\u00fcfung als Vorsitzender des Rechnungspr\u00fcfungsausschusses. Daraus resultierte eine Vielzahl von Forderungen und teilweise deren Umsetzung zu Verbesserungen der Verwaltungsprozesse (exemplarisch): Aufbau und F\u00fchrung der Inventarverzeichnisse nach betriebswirtschaftlichen Grunds\u00e4tzen Einf\u00fchrung eines effektiven Forderungsmanagement zum Abbau der [&hellip;]<\/p>\n","protected":false},"author":1,"featured_media":0,"parent":0,"menu_order":0,"comment_status":"closed","ping_status":"closed","template":"","meta":{"_uag_custom_page_level_css":"","footnotes":""},"class_list":["post-356","page","type-page","status-publish","hentry"],"uagb_featured_image_src":{"full":false,"thumbnail":false,"medium":false,"medium_large":false,"large":false,"1536x1536":false,"2048x2048":false,"pl-blogpost-landscape":false,"pl-blogpost-square":false},"uagb_author_info":{"display_name":"admin","author_link":"https:\/\/www.csu-langenbach.de\/?author=1"},"uagb_comment_info":0,"uagb_excerpt":"Dr. Elmar Ziegler Aktivit\u00e4ten in Zusammenhang mit dem Gemeinderatsmandat: Haushalts- und Finanzpolitik Einf\u00fchrung betriebswirtschaftlicher Methodik in den Prozess der \u00f6rtlichen Rechnungspr\u00fcfung als Vorsitzender des Rechnungspr\u00fcfungsausschusses. Daraus resultierte eine Vielzahl von Forderungen und teilweise deren Umsetzung zu Verbesserungen der Verwaltungsprozesse (exemplarisch): Aufbau und F\u00fchrung der Inventarverzeichnisse nach betriebswirtschaftlichen Grunds\u00e4tzen Einf\u00fchrung eines effektiven Forderungsmanagement zum Abbau der&hellip;","_links":{"self":[{"href":"https:\/\/www.csu-langenbach.de\/index.php?rest_route=\/wp\/v2\/pages\/356","targetHints":{"allow":["GET"]}}],"collection":[{"href":"https:\/\/www.csu-langenbach.de\/index.php?rest_route=\/wp\/v2\/pages"}],"about":[{"href":"https:\/\/www.csu-langenbach.de\/index.php?rest_route=\/wp\/v2\/types\/page"}],"author":[{"embeddable":true,"href":"https:\/\/www.csu-langenbach.de\/index.php?rest_route=\/wp\/v2\/users\/1"}],"replies":[{"embeddable":true,"href":"https:\/\/www.csu-langenbach.de\/index.php?rest_route=%2Fwp%2Fv2%2Fcomments&post=356"}],"version-history":[{"count":4,"href":"https:\/\/www.csu-langenbach.de\/index.php?rest_route=\/wp\/v2\/pages\/356\/revisions"}],"predecessor-version":[{"id":1042,"href":"https:\/\/www.csu-langenbach.de\/index.php?rest_route=\/wp\/v2\/pages\/356\/revisions\/1042"}],"wp:attachment":[{"href":"https:\/\/www.csu-langenbach.de\/index.php?rest_route=%2Fwp%2Fv2%2Fmedia&parent=356"}],"curies":[{"name":"wp","href":"https:\/\/api.w.org\/{rel}","templated":true}]}}